{"id":14,"date":"2020-03-21T18:31:43","date_gmt":"2020-03-21T18:31:43","guid":{"rendered":"https:\/\/www.zsdl.pl\/?page_id=14"},"modified":"2020-04-15T16:53:57","modified_gmt":"2020-04-15T16:53:57","slug":"samorzad-uczniowski","status":"publish","type":"page","link":"https:\/\/www.zsdl.pl\/?page_id=14","title":{"rendered":"Samorz\u0105d Uczniowski"},"content":{"rendered":"\n<p>Samorz\u0105d reprezentuje interesy uczni\u00f3w wobec nauczycieli, rodzic\u00f3w,  administracji o\u015bwiatowej.&nbsp;Samorz\u0105d poprzez swoje dzia\u0142anie wywiera wp\u0142yw  na \u017cycie szko\u0142y, mo\u017ce wsp\u00f3\u0142decydowa\u0107 o sprawach jej dotycz\u0105cych. Ustawa  o systemie o\u015bwiaty m\u00f3wi, \u017ce&nbsp;Samorz\u0105d jest jedynym reprezentantem og\u00f3\u0142u  uczni\u00f3w. <\/p>\n\n\n\n<p><strong>Samorz\u0105d jest organizacj\u0105 demokratyczn\u0105<\/strong>.\u00a0Uczniowie w  spos\u00f3b nieskr\u0119powany wybieraj\u0105 swoich przedstawicieli, mog\u0105 uczestniczy\u0107  w tworzeniu i realizacji programu pracy samorz\u0105du.<\/p>\n\n\n\n<p>Informacje od Samorz\u0105du Uczniowskiego:<\/p>\n\n\n\n<ul class=\"lcp_catlist\" id=\"lcp_instance_0\"><li><a href=\"https:\/\/www.zsdl.pl\/?p=677\">Wybory do Samorz\u0105du Uczniowskiego<\/a><\/li><\/ul>\n\n\n\n<p><a href=\"https:\/\/www.zsdl.pl\/?cat=5\">Wszystkie Informacje Samorz\u0105du Uczniowskiego<\/a><\/p>\n","protected":false},"excerpt":{"rendered":"<p>Samorz\u0105d reprezentuje interesy uczni\u00f3w wobec nauczycieli, rodzic\u00f3w, administracji o\u015bwiatowej.&nbsp;Samorz\u0105d poprzez swoje dzia\u0142anie wywiera wp\u0142yw na \u017cycie szko\u0142y, mo\u017ce wsp\u00f3\u0142decydowa\u0107 o sprawach jej dotycz\u0105cych. Ustawa o systemie o\u015bwiaty m\u00f3wi, \u017ce&nbsp;Samorz\u0105d jest jedynym reprezentantem og\u00f3\u0142u uczni\u00f3w. Samorz\u0105d jest organizacj\u0105 demokratyczn\u0105.\u00a0Uczniowie w spos\u00f3b nieskr\u0119powany wybieraj\u0105 swoich przedstawicieli, mog\u0105 uczestniczy\u0107 w tworzeniu i realizacji programu pracy samorz\u0105du. Informacje od [&hellip;]<\/p>\n","protected":false},"author":1,"featured_media":0,"parent":12,"menu_order":0,"comment_status":"closed","ping_status":"closed","template":"","meta":{"footnotes":""},"class_list":["post-14","page","type-page","status-publish","hentry"],"_links":{"self":[{"href":"https:\/\/www.zsdl.pl\/index.php?rest_route=\/wp\/v2\/pages\/14","targetHints":{"allow":["GET"]}}],"collection":[{"href":"https:\/\/www.zsdl.pl\/index.php?rest_route=\/wp\/v2\/pages"}],"about":[{"href":"https:\/\/www.zsdl.pl\/index.php?rest_route=\/wp\/v2\/types\/page"}],"author":[{"embeddable":true,"href":"https:\/\/www.zsdl.pl\/index.php?rest_route=\/wp\/v2\/users\/1"}],"replies":[{"embeddable":true,"href":"https:\/\/www.zsdl.pl\/index.php?rest_route=%2Fwp%2Fv2%2Fcomments&post=14"}],"version-history":[{"count":0,"href":"https:\/\/www.zsdl.pl\/index.php?rest_route=\/wp\/v2\/pages\/14\/revisions"}],"up":[{"embeddable":true,"href":"https:\/\/www.zsdl.pl\/index.php?rest_route=\/wp\/v2\/pages\/12"}],"wp:attachment":[{"href":"https:\/\/www.zsdl.pl\/index.php?rest_route=%2Fwp%2Fv2%2Fmedia&parent=14"}],"curies":[{"name":"wp","href":"https:\/\/api.w.org\/{rel}","templated":true}]}}