{"id":7656,"date":"2026-01-08T06:53:06","date_gmt":"2026-01-08T06:53:06","guid":{"rendered":"https:\/\/www.zsdl.pl\/?page_id=7656"},"modified":"2026-01-08T06:56:29","modified_gmt":"2026-01-08T06:56:29","slug":"dozwolone-domeny","status":"publish","type":"page","link":"https:\/\/www.zsdl.pl\/?page_id=7656","title":{"rendered":"Dozwolone domeny"},"content":{"rendered":"\n<p>Poczta wysy\u0142ana z adres\u00f3w szkolnych @zsdl.pl, @uczen.zsdl.pl, @edu.zsdl.pl podlega polityce w Szkole Podstawowej w D\u0119bowej \u0141\u0105ce. <\/p>\n\n\n\n<p>Konta nauczycielski lub administracyjne nie maj\u0105 ogranicze\u0144 odno\u015bnie wysy\u0142ania i otrzymywania. Natomiast zosta\u0142o ograniczona mo\u017cliwo\u015b\u0107 wysy\u0142ania i odbierania poczty na kontach uczniowskich. Ka\u017cdy ucze\u0144 mo\u017ce wysy\u0142a\u0107 poczt\u0119 i j\u0105 odbiera\u0107 z okre\u015blonych domen:<\/p>\n\n\n\n<ul class=\"wp-block-list\">\n<li>@zsdl.pl<\/li>\n\n\n\n<li>@uczen.zsdl.pl<\/li>\n\n\n\n<li>@edu.zsdl.pl<\/li>\n\n\n\n<li>@edu.radowiska.pl<\/li>\n\n\n\n<li>@radowiska.pl<\/li>\n\n\n\n<li>@uczen.radowiska.pl<\/li>\n\n\n\n<li>@zgodni.org.pl<\/li>\n\n\n\n<li>@canva.com<\/li>\n\n\n\n<li><\/li>\n<\/ul>\n\n\n\n<p>W razie potrzeby administrator mo\u017ce odblokowa\u0107 inne domeny, natomiast wymagana jest zgoda Dyrektora Szko\u0142y.<\/p>\n\n\n\n<p>W razie problem\u00f3w odno\u015bnie korzystania z konta szkolnego prosz\u0119 o kontakt z administratorem za pomoc\u0105 <a href=\"https:\/\/www.zsdl.pl\/?page_id=2458\" target=\"_blank\" rel=\"noreferrer noopener\">tego formularza (ZG\u0141O\u015a AWARIE)<\/a>. Informujemy, \u017ce odpowiedzi udzielane s\u0105 tylko na skrzynki w domenie szkolnej: @zsdl.pl, @uczen.zsdl.pl, @edu.zsdl.pl. Formularz znajduje si\u0119 <a href=\"https:\/\/www.zsdl.pl\/?page_id=2458\" target=\"_blank\" rel=\"noreferrer noopener\">TUTAJ<\/a>.<\/p>\n","protected":false},"excerpt":{"rendered":"<p>Poczta wysy\u0142ana z adres\u00f3w szkolnych @zsdl.pl, @uczen.zsdl.pl, @edu.zsdl.pl podlega polityce w Szkole Podstawowej w D\u0119bowej \u0141\u0105ce. Konta nauczycielski lub administracyjne nie maj\u0105 ogranicze\u0144 odno\u015bnie wysy\u0142ania i otrzymywania. Natomiast zosta\u0142o ograniczona mo\u017cliwo\u015b\u0107 wysy\u0142ania i odbierania poczty na kontach uczniowskich. Ka\u017cdy ucze\u0144 mo\u017ce wysy\u0142a\u0107 poczt\u0119 i j\u0105 odbiera\u0107 z okre\u015blonych domen: W razie potrzeby administrator mo\u017ce odblokowa\u0107 [&hellip;]<\/p>\n","protected":false},"author":1,"featured_media":0,"parent":2458,"menu_order":0,"comment_status":"closed","ping_status":"closed","template":"","meta":{"footnotes":""},"class_list":["post-7656","page","type-page","status-publish","hentry"],"_links":{"self":[{"href":"https:\/\/www.zsdl.pl\/index.php?rest_route=\/wp\/v2\/pages\/7656","targetHints":{"allow":["GET"]}}],"collection":[{"href":"https:\/\/www.zsdl.pl\/index.php?rest_route=\/wp\/v2\/pages"}],"about":[{"href":"https:\/\/www.zsdl.pl\/index.php?rest_route=\/wp\/v2\/types\/page"}],"author":[{"embeddable":true,"href":"https:\/\/www.zsdl.pl\/index.php?rest_route=\/wp\/v2\/users\/1"}],"replies":[{"embeddable":true,"href":"https:\/\/www.zsdl.pl\/index.php?rest_route=%2Fwp%2Fv2%2Fcomments&post=7656"}],"version-history":[{"count":3,"href":"https:\/\/www.zsdl.pl\/index.php?rest_route=\/wp\/v2\/pages\/7656\/revisions"}],"predecessor-version":[{"id":7662,"href":"https:\/\/www.zsdl.pl\/index.php?rest_route=\/wp\/v2\/pages\/7656\/revisions\/7662"}],"up":[{"embeddable":true,"href":"https:\/\/www.zsdl.pl\/index.php?rest_route=\/wp\/v2\/pages\/2458"}],"wp:attachment":[{"href":"https:\/\/www.zsdl.pl\/index.php?rest_route=%2Fwp%2Fv2%2Fmedia&parent=7656"}],"curies":[{"name":"wp","href":"https:\/\/api.w.org\/{rel}","templated":true}]}}